{"id":7423,"date":"2021-01-05T17:32:33","date_gmt":"2021-01-05T16:32:33","guid":{"rendered":"https:\/\/www.safe-sa.com\/media-library\/"},"modified":"2022-10-20T01:21:38","modified_gmt":"2022-10-19T23:21:38","slug":"media-library","status":"publish","type":"page","link":"https:\/\/www.safe-sa.com\/en\/media-library\/","title":{"rendered":"Media Library"},"content":{"rendered":"<div class=\"wpb-content-wrapper\"><p>[vc_row zindex=&#8221;2&#8243;][vc_column][vc_column_text]<\/p>\r\n<h1><strong>Documentation to download\u00a0<\/strong><\/h1>\r\n<p>\u00a0<\/p>\r\n<p>[\/vc_column_text][vc_separator color=&#8221;custom&#8221; align=&#8221;align_left&#8221; border_width=&#8221;2&#8243; el_width=&#8221;40&#8243; accent_color=&#8221;#005799&#8243;][vc_column_text]<\/p>\r\n<h3><span style=\"color: #005799;\">Discover the history of the creation of a world champion, 210 pages to know everything about Safe <\/span><\/h3>\r\n<p>The Safe adventure explains how, from two regional foundries united in the depths of French Franche-Comt\u00e9, two men, Marc G\u00e9not and G\u00e9rard Mura, have successively guided the Group for fifty years, so making it a world leader in all its markets, in long-established industrial sectors which are regularly shaken by crises and restructuring.<\/p>\r\n<p>[\/vc_column_text][vc_row_inner zindex=&#8221;2&#8243;][vc_column_inner width=&#8221;1\/4&#8243;][vc_single_image image=&#8221;7373&#8243; img_size=&#8221;medium&#8221; add_caption=&#8221;yes&#8221; onclick=&#8221;custom_link&#8221; img_link_target=&#8221;_blank&#8221; link=&#8221;http:\/\/#&#8221;][vc_btn title=&#8221;Download&#8221; style=&#8221;outline-custom&#8221; outline_custom_color=&#8221;#005799&#8243; outline_custom_hover_background=&#8221;#005799&#8243; outline_custom_hover_text=&#8221;#ffffff&#8221; size=&#8221;sm&#8221; align=&#8221;left&#8221; i_icon_fontawesome=&#8221;fas fa-download&#8221; add_icon=&#8221;true&#8221; css=&#8221;.vc_custom_1620640497175{margin-top: -20px !important;}&#8221; link=&#8221;url:https%3A%2F%2Fwww.safe-sa.com%2Fwp-content%2Fuploads%2F2021%2F05%2Fsafe_book_eng.pdf|target:_blank&#8221;][\/vc_column_inner][vc_column_inner width=&#8221;1\/4&#8243;][\/vc_column_inner][vc_column_inner width=&#8221;1\/4&#8243;][\/vc_column_inner][vc_column_inner width=&#8221;1\/4&#8243;][\/vc_column_inner][\/vc_row_inner][vc_separator color=&#8221;custom&#8221; border_width=&#8221;2&#8243; accent_color=&#8221;#005799&#8243; css=&#8221;.vc_custom_1600166731314{margin-top: 30px !important;margin-bottom: 30px !important;}&#8221;][\/vc_column][\/vc_row][vc_row zindex=&#8221;2&#8243; disable_element=&#8221;yes&#8221;][vc_column][vc_row_inner][vc_column_inner width=&#8221;1\/2&#8243;][vc_column_text][download_after_email id=&#8221;7280&#8243;][\/vc_column_text][\/vc_column_inner][vc_column_inner width=&#8221;1\/2&#8243;][\/vc_column_inner][\/vc_row_inner][\/vc_column][\/vc_row]<\/p><\/div>","protected":false},"excerpt":{"rendered":"<p>[vc_row zindex=&#8221;2&#8243;][vc_column][vc_column_text] Documentation to download\u00a0 \u00a0 [\/vc_column_text][vc_separator color=&#8221;custom&#8221; align=&#8221;align_left&#8221; border_width=&#8221;2&#8243; el_width=&#8221;40&#8243; accent_color=&#8221;#005799&#8243;][vc_column_text] Discover the history of the creation of a world champion, 210 pages to know everything about Safe The Safe adventure explains how, from two regional foundries united in the depths of French Franche-Comt\u00e9, two men, Marc G\u00e9not and G\u00e9rard Mura, have successively guided &hellip; <a href=\"https:\/\/www.safe-sa.com\/en\/media-library\/\" class=\"more-link\">Continue reading <span class=\"screen-reader-text\">Media Library<\/span><\/a><\/p>\n","protected":false},"author":1,"featured_media":0,"parent":0,"menu_order":0,"comment_status":"closed","ping_status":"closed","template":"","meta":{"footnotes":""},"class_list":["post-7423","page","type-page","status-publish","hentry"],"_links":{"self":[{"href":"https:\/\/www.safe-sa.com\/en\/wp-json\/wp\/v2\/pages\/7423","targetHints":{"allow":["GET"]}}],"collection":[{"href":"https:\/\/www.safe-sa.com\/en\/wp-json\/wp\/v2\/pages"}],"about":[{"href":"https:\/\/www.safe-sa.com\/en\/wp-json\/wp\/v2\/types\/page"}],"author":[{"embeddable":true,"href":"https:\/\/www.safe-sa.com\/en\/wp-json\/wp\/v2\/users\/1"}],"replies":[{"embeddable":true,"href":"https:\/\/www.safe-sa.com\/en\/wp-json\/wp\/v2\/comments?post=7423"}],"version-history":[{"count":6,"href":"https:\/\/www.safe-sa.com\/en\/wp-json\/wp\/v2\/pages\/7423\/revisions"}],"predecessor-version":[{"id":7452,"href":"https:\/\/www.safe-sa.com\/en\/wp-json\/wp\/v2\/pages\/7423\/revisions\/7452"}],"wp:attachment":[{"href":"https:\/\/www.safe-sa.com\/en\/wp-json\/wp\/v2\/media?parent=7423"}],"curies":[{"name":"wp","href":"https:\/\/api.w.org\/{rel}","templated":true}]}}